{"id":7,"date":"2024-06-17T13:35:46","date_gmt":"2024-06-17T11:35:46","guid":{"rendered":"https:\/\/kinderarzt-westbad.de.w01f307d.kasserver.com\/index.php\/impressum\/"},"modified":"2024-06-28T15:00:21","modified_gmt":"2024-06-28T13:00:21","slug":"impressum","status":"publish","type":"page","link":"https:\/\/kinderarzt-westbad.de\/es\/impressum\/","title":{"rendered":"Pie de imprenta"},"content":{"rendered":"<div class=\"gb-container gb-container-16f1af98 gbp-section\">\n<div class=\"gb-container gb-container-d7faac59 gbp-section__inner gbp-card\">\n<div style=\"word-wrap: break-word;\"><h1>Pie de imprenta<\/h1>\n\n<p>Constance O\u00dfwald<br \/>\nConsulta pedi\u00e1trica en Westbad <br \/>\r\nEspecialista en pediatr\u00eda y medicina de la adolescencia<br \/>\nCalle Market 2-6<br \/>\n04177 Leipzig<\/p>\n\n<h2>Contacto<\/h2>\n<p>Tel\u00e9fono: 03414804028<br \/>\nFax: 03414956812<br \/>\nCorreo electr\u00f3nico: info@kinderarzt-westbad.de<\/p>\n\n<h2>Autoridad de control<\/h2>\n<p>Asociaci\u00f3n de M\u00e9dicos del Seguro de Enfermedad Obligatorio de Sajonia, Delegaci\u00f3n de Leipzig<br \/>\nBraunstrasse 16<br \/>\r\n04347 Leipzig<br \/>\r\n<br \/>\r\nTel\u00e9fono: 004934124320<br \/>\r\nFax: 004934124322101#<br \/>\r\n<br \/>\r\nCorreo electr\u00f3nico: leipzig@kvsachsen.de<\/p>\n<p><a href=\"https:\/\/www.kvsachsen.de\/\" target=\"_blank\" rel=\"noopener noreferrer\">https:\/\/www.kvsachsen.de\/<\/a><\/p>\n\n<h2>Cargo y reglamentos profesionales<\/h2>\n<p>T\u00edtulo del puesto:<br \/>\nEspecialista en pediatr\u00eda y medicina de la adolescencia<\/p>\n<p>C\u00e1mara competente:<br \/>\nAsociaci\u00f3n M\u00e9dica del Estado de Sajonia<br \/>\r\n<br \/>\r\nSch\u00fctzenh\u00f6he 16<br \/>\r\n01099 Dresde<br \/>\r\n<br \/>\r\nTel\u00e9fono: 004935182670<br \/>\r\nFax: 00493518267412<br \/>\r\n<br \/>\r\nCorreo electr\u00f3nico: dresden@slaek.de<\/p>\n<p>Concedido en:<br \/>\nAlemania<\/p>\n<p>Se aplican las siguientes normas profesionales:<\/p>\n<p>Ver enlace<br \/>\n visible en: <a href=\"https:\/\/www.slaek.de\/de\/ueber-uns\/aufgaben\/berufsrecht\/berufsordnung.php\" target=\"_blank\" rel=\"noopener noreferrer\">https:\/\/www.slaek.de\/de\/ueber-uns\/aufgaben\/berufsrecht\/berufsordnung.php<\/a><\/p>\n<h2>Informaci\u00f3n sobre el seguro de responsabilidad profesional<\/h2>\n<p><strong>Nombre y domicilio social del asegurador:<\/strong><br \/>\nHDI Seguros AG<br \/>\r\nHDI-Platz 1<br \/>\r\n30659 Hannover<br \/>\r\nFax: 0511-645 45 45<br \/>\r\ninfo@hdi.de<\/p>\n<p><strong>Zona de validez del seguro:<\/strong><br \/>Alemania<\/p>\n\n<h2>Editorialmente responsable<\/h2>\n<p>Constance O\u00dfwald<\/p>\n\n<h2>Resoluci\u00f3n de litigios en la UE<\/h2>\n<p>La Comisi\u00f3n Europea ofrece una plataforma para la resoluci\u00f3n de litigios en l\u00ednea (OS): <a href=\"https:\/\/ec.europa.eu\/consumers\/odr\/\" target=\"_blank\" rel=\"noopener noreferrer\">https:\/\/ec.europa.eu\/consumers\/odr\/<\/a>.<br \/> Encontrar\u00e1 nuestra direcci\u00f3n de correo electr\u00f3nico en el aviso legal anterior.<\/p>\n\n<h2>Resoluci\u00f3n de litigios de consumo\/centro de arbitraje universal<\/h2>\n<p>No estamos dispuestos ni obligados a participar en procedimientos de resoluci\u00f3n de litigios ante una junta arbitral de consumo.<\/p><\/div>\n<\/div>\n<\/div>","protected":false},"excerpt":{"rendered":"","protected":false},"author":1,"featured_media":1503,"parent":0,"menu_order":810,"comment_status":"closed","ping_status":"closed","template":"","meta":{"_acf_changed":false,"_seopress_robots_primary_cat":"","_seopress_titles_title":"","_seopress_titles_desc":"","_seopress_robots_index":"","inline_featured_image":false,"footnotes":""},"class_list":["post-7","page","type-page","status-publish","has-post-thumbnail"],"acf":[],"_links":{"self":[{"href":"https:\/\/kinderarzt-westbad.de\/es\/wp-json\/wp\/v2\/pages\/7","targetHints":{"allow":["GET"]}}],"collection":[{"href":"https:\/\/kinderarzt-westbad.de\/es\/wp-json\/wp\/v2\/pages"}],"about":[{"href":"https:\/\/kinderarzt-westbad.de\/es\/wp-json\/wp\/v2\/types\/page"}],"author":[{"embeddable":true,"href":"https:\/\/kinderarzt-westbad.de\/es\/wp-json\/wp\/v2\/users\/1"}],"replies":[{"embeddable":true,"href":"https:\/\/kinderarzt-westbad.de\/es\/wp-json\/wp\/v2\/comments?post=7"}],"version-history":[{"count":3,"href":"https:\/\/kinderarzt-westbad.de\/es\/wp-json\/wp\/v2\/pages\/7\/revisions"}],"predecessor-version":[{"id":1512,"href":"https:\/\/kinderarzt-westbad.de\/es\/wp-json\/wp\/v2\/pages\/7\/revisions\/1512"}],"wp:featuredmedia":[{"embeddable":true,"href":"https:\/\/kinderarzt-westbad.de\/es\/wp-json\/wp\/v2\/media\/1503"}],"wp:attachment":[{"href":"https:\/\/kinderarzt-westbad.de\/es\/wp-json\/wp\/v2\/media?parent=7"}],"curies":[{"name":"wp","href":"https:\/\/api.w.org\/{rel}","templated":true}]}}