{"id":610,"date":"2024-06-18T15:16:56","date_gmt":"2024-06-18T13:16:56","guid":{"rendered":"https:\/\/kinderarzt-westbad.de.w01f307d.kasserver.com\/?page_id=610"},"modified":"2024-09-25T14:37:24","modified_gmt":"2024-09-25T12:37:24","slug":"partner-links","status":"publish","type":"page","link":"https:\/\/kinderarzt-westbad.de\/es\/partner-links\/","title":{"rendered":"Enlaces de socios"},"content":{"rendered":"<div class=\"gb-container gb-container-bf0cd027 gbp-section\">\n<div class=\"gb-container gb-container-cc181b5a gbp-section__inner gbp-card\">\n\n<h1 class=\"gb-headline gb-headline-0c87469f gb-headline-text\">Nuestros socios<\/h1>\n\n<\/div>\n<\/div>\n\n<div class=\"gb-container gb-container-d31a4d8e gbp-section\">\n<div class=\"gb-container gb-container-6072646b gbp-section__inner gbp-card\">\n\n<h2 class=\"wp-block-heading has-text-align-center\">Durante el primer a\u00f1o de vida<\/h2>\n\n\n<div class=\"gb-grid-wrapper gb-grid-wrapper-1780d689\">\n<div class=\"gb-grid-column gb-grid-column-625e0c49\"><div class=\"gb-container gb-container-625e0c49 gbp-card\">\n\n<h3 class=\"wp-block-heading has-medium-font-size\"><strong>Salud de los padres<\/strong><\/h3>\n\n\n\n<p>Enfermedades mentales antes y despu\u00e9s del nacimiento de un hijo.<\/p>\n\n\n\n<p class=\"has-accent-1-color has-text-color has-link-color wp-elements-08d57dd0f0707e49a551989b67f00781\" style=\"font-style:normal;font-weight:700\"><a href=\"https:\/\/www.schatten-und-licht.de\/\">Schatten und Licht e.V.<\/a><\/p>\n\n<\/div><\/div>\n\n<div class=\"gb-grid-column gb-grid-column-12bcf1a8\"><div class=\"gb-container gb-container-12bcf1a8 gbp-card\">\n\n<h3 class=\"wp-block-heading has-medium-font-size\"><strong><strong>Dormir<\/strong><\/strong><\/h3>\n\n\n\n<p>Sue\u00f1o saludable del beb\u00e9: consejos para prevenir el s\u00edndrome de muerte s\u00fabita del lactante.<\/p>\n\n\n\n<p class=\"has-accent-1-color has-text-color has-link-color wp-elements-78296f975d2526036bad29b767223b57\" style=\"font-style:normal;font-weight:700\"><a href=\"#\">El sue\u00f1o del beb\u00e9<\/a><\/p>\n\n<\/div><\/div>\n\n<div class=\"gb-grid-column gb-grid-column-5863b529\"><div class=\"gb-container gb-container-5863b529 gbp-card\">\n\n<h3 class=\"wp-block-heading has-medium-font-size\"><strong><strong>Lactancia materna<\/strong><\/strong><\/h3>\n\n\n\n<p>Evitar las dificultades de la lactancia, los pezones doloridos, la falta de leche materna, la lactancia y el parto.<\/p>\n\n\n\n<p class=\"has-accent-1-color has-text-color has-link-color wp-elements-c9a7fbb2fd5dfa801f1725e8b39ddcd9\" style=\"font-style:normal;font-weight:700\"><a href=\"https:\/\/www.stillen.de\/\">Centro de formaci\u00f3n sobre lactaci\u00f3n y lactancia<\/a><\/p>\n\n<\/div><\/div>\n<\/div>\n<\/div>\n<\/div>\n\n<div class=\"gb-container gb-container-2523111c gbp-section\">\n<div class=\"gb-container gb-container-6a35b196 gbp-section__inner gbp-card\">\n\n<h2 class=\"wp-block-heading has-text-align-center\"><strong>Prevenci\u00f3n<\/strong><\/h2>\n\n\n<div class=\"gb-grid-wrapper gb-grid-wrapper-a14bf9e1\">\n<div class=\"gb-grid-column gb-grid-column-23af4827\"><div class=\"gb-container gb-container-23af4827 gbp-card\">\n\n<h3 class=\"wp-block-heading has-medium-font-size\"><strong><strong>Nutrici\u00f3n<\/strong><\/strong><\/h3>\n\n\n\n<p>Alimentaci\u00f3n sana para mi beb\u00e9. Producido en nombre de la Sociedad Alemana de Pediatr\u00eda y Medicina del Adolescente (DGKJ).<\/p>\n\n\n\n<p class=\"has-accent-1-color has-text-color has-link-color wp-elements-690b3264fbd49a63f7713b2129ec823e\" style=\"font-style:normal;font-weight:700\"><a href=\"https:\/\/www.dgkj.de\/eltern\/dgkj-elterninformationen\/elterninfo-gesunde-ernaehrung\" target=\"_blank\" rel=\"noreferrer noopener\">Sociedad Alemana de Pediatr\u00eda y Medicina de la Adolescencia e.V.<\/a><\/p>\n\n<\/div><\/div>\n\n<div class=\"gb-grid-column gb-grid-column-ef5c3f9b\"><div class=\"gb-container gb-container-ef5c3f9b gbp-card\">\n\n<h3 class=\"wp-block-heading has-medium-font-size\"><strong><strong>Calendario de vacunaci\u00f3n<\/strong><\/strong><\/h3>\n\n\n\n<p>El calendario de vacunaci\u00f3n contiene las vacunas est\u00e1ndar recomendadas para lactantes, ni\u00f1os y adolescentes y forma parte de las recomendaciones de la STIKO.<\/p>\n\n\n\n<p class=\"has-accent-1-color has-text-color has-link-color wp-elements-4971626ff351f24451ac735973769e10\" style=\"font-style:normal;font-weight:700\"><a href=\"https:\/\/www.rki.de\/DE\/Content\/Infekt\/Impfen\/Impfkalender\/Impfkalender_node.html\" target=\"_blank\" rel=\"noreferrer noopener\">Instituto Robert Koch<\/a><\/p>\n\n<\/div><\/div>\n\n<div class=\"gb-grid-column gb-grid-column-f4b857b4\"><div class=\"gb-container gb-container-f4b857b4 gbp-card\">\n\n<h3 class=\"wp-block-heading has-medium-font-size\"><strong><strong>Vacunaci\u00f3n<\/strong><\/strong><\/h3>\n\n\n\n<p>Calendario de vacunaci\u00f3n para ni\u00f1os y adolescentes en el Estado Libre de Sajonia, normativa administrativa, recomendaciones de vacunaci\u00f3n, Comisi\u00f3n de Vacunaci\u00f3n de Sajonia.<\/p>\n\n\n\n<p class=\"has-accent-1-color has-text-color has-link-color wp-elements-2086d3093e4a9e0052f849c44eaf7604\" style=\"font-style:normal;font-weight:700\"><a href=\"https:\/\/www.slaek.de\/de\/patient\/gesundheitsinformationen\/impfen.php\" target=\"_blank\" rel=\"noreferrer noopener\">Asociaci\u00f3n M\u00e9dica del Estado de Sajonia<\/a><\/p>\n\n<\/div><\/div>\n\n<div class=\"gb-grid-column gb-grid-column-9064da8e\"><div class=\"gb-container gb-container-9064da8e gbp-card\">\n\n<h3 class=\"wp-block-heading has-medium-font-size\"><strong><strong><strong>Prevenci\u00f3n de accidentes<\/strong><\/strong><\/strong><\/h3>\n\n\n\n<p>La Bundesarbeitsgemeinschaft (BAG) Mehr Sicherheit f\u00fcr Kinder e.V. es la red nacional especializada en la prevenci\u00f3n de accidentes infantiles.<\/p>\n\n\n\n<p class=\"has-accent-1-color has-text-color has-link-color wp-elements-3bfc1c7db162048766a4ae71ea0b65a2\" style=\"font-style:normal;font-weight:700\"><a href=\"https:\/\/www.kindersicherheit.de\/\" target=\"_blank\" rel=\"noreferrer noopener\">M\u00e1s seguridad para los ni\u00f1os e.V.<\/a><\/p>\n\n<\/div><\/div>\n<\/div>\n<\/div>\n<\/div>\n\n<div class=\"gb-container gb-container-2d319caf gbp-section\">\n<div class=\"gb-container gb-container-50f45a16 gbp-section__inner gbp-card\">\n\n<h2 class=\"wp-block-heading has-text-align-center\"><strong>Protecci\u00f3n de menores<\/strong><\/h2>\n\n\n<div class=\"gb-grid-wrapper gb-grid-wrapper-b17e6d16\">\n<div class=\"gb-grid-column gb-grid-column-be4b4286\"><div class=\"gb-container gb-container-be4b4286 gbp-card\">\n\n<h3 class=\"wp-block-heading has-medium-font-size\"><strong><strong><strong>Alcohol<\/strong><\/strong><\/strong><\/h3>\n\n\n\n<p>Informaci\u00f3n sobre el tema del alcohol y otros art\u00edculos \u00fatiles.<\/p>\n\n\n\n<p class=\"has-accent-1-color has-text-color has-link-color wp-elements-d8127354476e62315023c8a2f4f20c81\" style=\"font-style:normal;font-weight:700\"><a href=\"https:\/\/www.null-alkohol-voll-power.de\/\" target=\"_blank\" rel=\"noreferrer noopener\">Cero alcohol Plena potencia<\/a><\/p>\n\n<\/div><\/div>\n\n<div class=\"gb-grid-column gb-grid-column-f5f1172d\"><div class=\"gb-container gb-container-f5f1172d gbp-card\">\n\n<h3 class=\"wp-block-heading has-medium-font-size\"><strong><strong><strong>Drogas<\/strong><\/strong><\/strong><\/h3>\n\n\n\n<p>Informaci\u00f3n del Centro Federal de Educaci\u00f3n Sanitaria sobre el tema del consumo de drogas, incluido un l\u00e9xico, pruebas de conocimientos y consejos de expertos.<\/p>\n\n\n\n<p class=\"has-accent-1-color has-text-color has-link-color wp-elements-0a996ff3487b610c685ffe364180509f\" style=\"font-style:normal;font-weight:700\"><a href=\"https:\/\/www.drugcom.de\/\" target=\"_blank\" rel=\"noreferrer noopener\">Drugcom<\/a><\/p>\n\n<\/div><\/div>\n\n<div class=\"gb-grid-column gb-grid-column-6907046f\"><div class=\"gb-container gb-container-6907046f gbp-card\">\n\n<h3 class=\"wp-block-heading has-medium-font-size\"><strong><strong><strong>Fumar<\/strong><\/strong><\/strong><\/h3>\n\n\n\n<p>Informaci\u00f3n del Centro Federal de Educaci\u00f3n Sanitaria sobre el tema de fumar, no fumar y dejar de fumar.<\/p>\n\n\n\n<p class=\"has-accent-1-color has-text-color has-link-color wp-elements-27c958ac7cbccd8fcaa66ff7d354ae72\" style=\"font-style:normal;font-weight:700\"><a href=\"https:\/\/rauchfrei-info.de\/\" target=\"_blank\" rel=\"noreferrer noopener\">Sin humo<\/a><\/p>\n\n<\/div><\/div>\n<\/div>\n<\/div>\n<\/div>\n\n<div class=\"gb-container gb-container-d3840e84 gbp-section\">\n<div class=\"gb-container gb-container-ca0d2382 gbp-section__inner gbp-card\">\n\n<h2 class=\"wp-block-heading has-text-align-center\"><strong>Terapia ocupacional<\/strong><\/h2>\n\n\n<div class=\"gb-grid-wrapper gb-grid-wrapper-c5206e7d\">\n<div class=\"gb-grid-column gb-grid-column-d53c8ea0\"><div class=\"gb-container gb-container-d53c8ea0 gbp-card\">\n\n<h3 class=\"wp-block-heading has-medium-font-size\"><strong><strong><strong>FamiliaErgo<\/strong><\/strong><\/strong><\/h3>\n\n\n\n<p>una oportunidad cotidiana para reforzar los factores de protecci\u00f3n que los ni\u00f1os necesitan no s\u00f3lo para empezar con \u00e9xito la escuela.&nbsp;<\/p>\n\n\n\n<p class=\"has-accent-1-color has-text-color has-link-color wp-elements-db8b6fda10b9ad1a5da87c421241006c\" style=\"font-style:normal;font-weight:700\"><a href=\"https:\/\/familienergo.de\/\" target=\"_blank\" rel=\"noreferrer noopener\">FamilyErgo<\/a><\/p>\n\n<\/div><\/div>\n\n<div class=\"gb-grid-column gb-grid-column-648f9145\"><div class=\"gb-container gb-container-648f9145 gbp-card\">\n\n<h3 class=\"wp-block-heading has-medium-font-size\"><strong><strong><strong>Zurdo<\/strong><\/strong><\/strong><\/h3>\n\n\n\n<p>La dominancia de un lado del cuerpo sobre el otro suele denominarse \"lateralidad\".<\/p>\n\n\n\n<p class=\"has-accent-1-color has-text-color has-link-color wp-elements-7ba0c8e80025aea4a6e5fb4286c6eba7\" style=\"font-style:normal;font-weight:700\"><a href=\"http:\/\/www.linkshaenderseiten.de\/\" target=\"_blank\" rel=\"noreferrer noopener\">linkshaenderseiten.de<\/a><\/p>\n\n<\/div><\/div>\n\n<div class=\"gb-grid-column gb-grid-column-514d9d6a\"><div class=\"gb-container gb-container-514d9d6a gbp-card\">\n\n<h3 class=\"wp-block-heading has-medium-font-size\"><strong><strong><strong><strong>Red central de TDAH<\/strong><\/strong><\/strong><\/strong><\/h3>\n\n\n\n<p>Red nacional para mejorar la atenci\u00f3n a ni\u00f1os y adolescentes con trastorno por d\u00e9ficit de atenci\u00f3n con hiperactividad (TDAH).<\/p>\n\n\n\n<p class=\"has-accent-1-color has-text-color has-link-color wp-elements-986dcce5cae1ccbb29c20a399485aa98\" style=\"font-style:normal;font-weight:700\"><a href=\"https:\/\/www.zentrales-adhs-netz.de\/\" target=\"_blank\" rel=\"noreferrer noopener\">Red Central de TDAH<\/a><\/p>\n\n<\/div><\/div>\n<\/div>\n<\/div>\n<\/div>","protected":false},"excerpt":{"rendered":"<p>Unsere Partner F\u00fcr das erste Lebensjahr Pr\u00e4vention Jugendschutz Ergotherapie<\/p>","protected":false},"author":1,"featured_media":3213,"parent":0,"menu_order":60,"comment_status":"closed","ping_status":"closed","template":"","meta":{"_acf_changed":false,"_seopress_robots_primary_cat":"","_seopress_titles_title":"","_seopress_titles_desc":"","_seopress_robots_index":"","inline_featured_image":false,"footnotes":""},"class_list":["post-610","page","type-page","status-publish","has-post-thumbnail"],"acf":[],"_links":{"self":[{"href":"https:\/\/kinderarzt-westbad.de\/es\/wp-json\/wp\/v2\/pages\/610","targetHints":{"allow":["GET"]}}],"collection":[{"href":"https:\/\/kinderarzt-westbad.de\/es\/wp-json\/wp\/v2\/pages"}],"about":[{"href":"https:\/\/kinderarzt-westbad.de\/es\/wp-json\/wp\/v2\/types\/page"}],"author":[{"embeddable":true,"href":"https:\/\/kinderarzt-westbad.de\/es\/wp-json\/wp\/v2\/users\/1"}],"replies":[{"embeddable":true,"href":"https:\/\/kinderarzt-westbad.de\/es\/wp-json\/wp\/v2\/comments?post=610"}],"version-history":[{"count":7,"href":"https:\/\/kinderarzt-westbad.de\/es\/wp-json\/wp\/v2\/pages\/610\/revisions"}],"predecessor-version":[{"id":1394,"href":"https:\/\/kinderarzt-westbad.de\/es\/wp-json\/wp\/v2\/pages\/610\/revisions\/1394"}],"wp:featuredmedia":[{"embeddable":true,"href":"https:\/\/kinderarzt-westbad.de\/es\/wp-json\/wp\/v2\/media\/3213"}],"wp:attachment":[{"href":"https:\/\/kinderarzt-westbad.de\/es\/wp-json\/wp\/v2\/media?parent=610"}],"curies":[{"name":"wp","href":"https:\/\/api.w.org\/{rel}","templated":true}]}}